{"id":119,"date":"2023-04-01T08:25:10","date_gmt":"2023-04-01T08:25:10","guid":{"rendered":"http:\/\/sencoservit.com\/?page_id=119"},"modified":"2023-04-01T08:26:18","modified_gmt":"2023-04-01T08:26:18","slug":"politica-privacidad","status":"publish","type":"page","link":"https:\/\/sencoservit.com\/en\/politica-privacidad\/","title":{"rendered":"Pol\u00edtica Privacidad"},"content":{"rendered":"<div data-elementor-type=\"wp-page\" data-elementor-id=\"119\" class=\"elementor elementor-119\" data-elementor-post-type=\"page\">\n\t\t\t\t\t\t<section class=\"elementor-section elementor-top-section elementor-element elementor-element-ec1665b elementor-section-boxed elementor-section-height-default elementor-section-height-default\" data-id=\"ec1665b\" data-element_type=\"section\" data-e-type=\"section\">\n\t\t\t\t\t\t<div class=\"elementor-container elementor-column-gap-default\">\n\t\t\t\t\t<div class=\"elementor-column elementor-col-100 elementor-top-column elementor-element elementor-element-d1bd6f5\" data-id=\"d1bd6f5\" data-element_type=\"column\" data-e-type=\"column\">\n\t\t\t<div class=\"elementor-widget-wrap elementor-element-populated\">\n\t\t\t\t\t\t<div class=\"elementor-element elementor-element-b77fbe6 elementor-widget elementor-widget-text-editor\" data-id=\"b77fbe6\" data-element_type=\"widget\" data-e-type=\"widget\" data-widget_type=\"text-editor.default\">\n\t\t\t\t<div class=\"elementor-widget-container\">\n\t\t\t\t\t\t\t\t\t<p>AVISO LEGAL: En cumplimiento del art\u00edculo 10 de la Ley 34\/2002, de &nbsp;11 de julio, de Servicios de la Sociedad de la Informaci\u00f3n y Comercio Electr\u00f3nico (LSSICE) a continuaci\u00f3n se detallan los datos identificat\u00edvos de la entidad: &nbsp;<\/p>\n<p>Raz\u00f3n social: SENCOSERVIT SL<br>NIF: B55667059<br>Direcci\u00f3n: PER\u00da 8 ATICO 1 &#8211; 43870 &#8211; AMPOSTA &#8211; TARRAGONA<br>Tel\u00e9fono: 666 440 730<br>Email: info@sencoservit.com &nbsp;<\/p>\n<p>FINALIDAD DE LA P\u00c1GINA WEB.<\/p>\n<p>Aqu\u00ed debe describir la finalidad o actividad de la web o de la entidad. Precios de los productos o servicios que se ofrecen a trav\u00e9s de la web, con indicaci\u00f3n de los impuestos y gastos de env\u00edo. El presente aviso legal (en adelante, el \u00abAviso Legal\u00bb) regula el uso del sitio web: www.sencoservit.com<\/p>\n<p>LEGISLACI\u00d3N.<br>Con car\u00e1cter general las relaciones entre SENCOSERVIT SL &nbsp;y los Usuarios de sus servicios telem\u00e1ticos, presentes en este sitio web, se encuentran sometidas a la legislaci\u00f3n y jurisdicci\u00f3n espa\u00f1olas. USO Y ACCESO DE USUARIOS.El Usuario queda informado, y acepta, que el acceso a la presente web no supone, en modo alguno, el inicio de una relaci\u00f3n comercial con SENCOSERVIT SL &nbsp;o cualquiera de sus delegaciones.<\/p>\n<p>PROPIEDAD INTELECTUAL E INDUSTRIAL.<br>Los derechos de propiedad intelectual del contenido de las p\u00e1ginas web, su dise\u00f1o gr\u00e1fico y c\u00f3digos son titularidad de SENCOSERVIT SL &nbsp;y, por tanto, queda prohibida su reproducci\u00f3n, distribuci\u00f3n, comunicaci\u00f3n p\u00fablica, transformaci\u00f3n o cualquier otra actividad que se pueda realizar con los contenidos de sus p\u00e1ginas web ni aun citando las fuentes, salvo consentimiento por escrito de SENCOSERVIT SL .<\/p>\n<p>CONTENIDO DE LA WEB Y ENLACES (LINKS).SENCOSERVIT SL &nbsp; se reserva el derecho a actualizar, modificar o eliminar la informaci\u00f3n contenida en sus p\u00e1ginas web pudiendo incluso limitar o no permitir el acceso a dicha informaci\u00f3n a ciertos usuarios. SENCOSERVIT SL &nbsp;no asume responsabilidad alguna por la informaci\u00f3n contenida en p\u00e1ginas web de terceros a las que se pueda acceder por \u00ablinks\u00bb o enlaces desde cualquier p\u00e1gina web propiedad de SENCOSERVIT SL . La presencia de \u00ablinks\u00bb o enlaces en las p\u00e1ginas web de SENCOSERVIT SL &nbsp;tiene finalidad meramente informativa y en ning\u00fan caso supone sugerencia, invitaci\u00f3n o recomendaci\u00f3n sobre los mismos. Sencoservit &#8211; Pol. Mercaderies nau, 14 &#8211; 43896 L&#8217;aldea (Tarragona) &#8211;&nbsp;<a href=\"mailto:info@sencoservit.com\">info@sencoservit.com<\/a>&nbsp;&#8211; Tel. 666 440 730 &#8211;<\/p>\t\t\t\t\t\t\t\t<\/div>\n\t\t\t\t<\/div>\n\t\t\t\t\t<\/div>\n\t\t<\/div>\n\t\t\t\t\t<\/div>\n\t\t<\/section>\n\t\t\t\t<\/div>","protected":false},"excerpt":{"rendered":"<p>AVISO LEGAL: En cumplimiento del art\u00edculo 10 de la Ley 34\/2002, de &nbsp;11 de julio, de Servicios de la Sociedad de la Informaci\u00f3n y Comercio Electr\u00f3nico (LSSICE) a continuaci\u00f3n se detallan los datos identificat\u00edvos de la entidad: &nbsp; Raz\u00f3n social: SENCOSERVIT SLNIF: B55667059Direcci\u00f3n: PER\u00da 8 ATICO 1 &#8211; 43870 &#8211; AMPOSTA &#8211; TARRAGONATel\u00e9fono: 666 440 [&hellip;]<\/p>\n","protected":false},"author":1,"featured_media":0,"parent":0,"menu_order":0,"comment_status":"closed","ping_status":"closed","template":"elementor_header_footer","meta":{"footnotes":""},"class_list":["post-119","page","type-page","status-publish","hentry"],"_links":{"self":[{"href":"https:\/\/sencoservit.com\/en\/wp-json\/wp\/v2\/pages\/119","targetHints":{"allow":["GET"]}}],"collection":[{"href":"https:\/\/sencoservit.com\/en\/wp-json\/wp\/v2\/pages"}],"about":[{"href":"https:\/\/sencoservit.com\/en\/wp-json\/wp\/v2\/types\/page"}],"author":[{"embeddable":true,"href":"https:\/\/sencoservit.com\/en\/wp-json\/wp\/v2\/users\/1"}],"replies":[{"embeddable":true,"href":"https:\/\/sencoservit.com\/en\/wp-json\/wp\/v2\/comments?post=119"}],"version-history":[{"count":7,"href":"https:\/\/sencoservit.com\/en\/wp-json\/wp\/v2\/pages\/119\/revisions"}],"predecessor-version":[{"id":126,"href":"https:\/\/sencoservit.com\/en\/wp-json\/wp\/v2\/pages\/119\/revisions\/126"}],"wp:attachment":[{"href":"https:\/\/sencoservit.com\/en\/wp-json\/wp\/v2\/media?parent=119"}],"curies":[{"name":"wp","href":"https:\/\/api.w.org\/{rel}","templated":true}]}}